{"id":3,"date":"2024-03-09T03:24:05","date_gmt":"2024-03-09T02:24:05","guid":{"rendered":"https:\/\/pumppromotion.es\/?page_id=3"},"modified":"2024-03-10T22:42:44","modified_gmt":"2024-03-10T21:42:44","slug":"politica-privacidad","status":"publish","type":"page","link":"https:\/\/pumppromotion.es\/index.php\/politica-privacidad\/","title":{"rendered":"Pol\u00edtica de privacidad"},"content":{"rendered":"\n<p>Identificaci\u00f3n del responsable:<\/p>\n\n\n\n<p>ASOCIACI\u00d3N ESTUDIANTIL JUNIOR EMPRESA QUAROO (en adelante, QUAROO) con NIF G72708662 y domicilio en Calle Uribitarte, 6, 48001 Bilbao, Vizcaya.<\/p>\n\n\n\n<p>Contacto: quaroobilbao@gmail.com<\/p>\n\n\n\n<p>\u00bfQui\u00e9n es el Responsable del tratamiento de sus datos?<\/p>\n\n\n\n<p>La presente pol\u00edtica de privacidad aplica a todos los datos de car\u00e1cter personal que el interesado aporte a QUAROO, as\u00ed como a toda persona f\u00edsica interesada en las actividades y servicios que QUAROO ofrece a trav\u00e9s de sus p\u00e1ginas web y a trav\u00e9s de cualquier otro medio de comunicaci\u00f3n. El objetivo de la Pol\u00edtica de Privacidad de QUAROO es dar transparencia a la informaci\u00f3n de c\u00f3mo tratamos sus datos personales en cumplimiento de la normativa vigente en protecci\u00f3n de datos.<\/p>\n\n\n\n<p>El interesado podr\u00e1 ponerse en contacto con QUAROO a trav\u00e9s de la informaci\u00f3n detallada en la identificaci\u00f3n del responsable.<\/p>\n\n\n\n<p>\u00bfCon qu\u00e9 finalidad tratamos sus datos personales y con qu\u00e9 legitimaci\u00f3n?<\/p>\n\n\n\n<p>QUAROO dispone de un Registro de Actividades de Tratamiento donde se detallan cada uno de los siguientes tratamientos realizados como responsable de tratamiento:<\/p>\n\n\n\n<figure class=\"wp-block-table\"><table><tbody><tr><td>TRATAMIENTO RGPD<\/td><td>FINALIDAD RGPD<\/td><td>BASE LEG\u00cdTIMA<\/td><\/tr><tr><td>&nbsp;&nbsp;PERSONAS ASOCIADAS<\/td><td>Gesti\u00f3n de las personas socias<\/td><td>Art. 6.1 b) el tratamiento es necesario para la ejecuci\u00f3n de un contrato en el que el interesado es parte o para la aplicaci\u00f3n a petici\u00f3n de este de medidas precontractuales;<\/td><\/tr><tr><td>VENTA CLIENTES WEB<\/td><td>Gesti\u00f3n de la base de datos de contactos (personas vinculadas a clientes, proveedores, instituciones, administraciones p\u00fablicas y sociedades en general)<\/td><td>Art. 6.1 f) el tratamiento es necesario para la satisfacci\u00f3n de intereses leg\u00edtimos perseguidos por el responsable del tratamiento o por un tercero<\/td><\/tr><tr><td>GESTI\u00d3N DE EVENTOS<\/td><td>Inscripci\u00f3n y gesti\u00f3n de asistentes a eventos<\/td><td>Art. 6.1 a) el interesado dio su consentimiento para el tratamiento de sus datos personales para uno o varios fines espec\u00edficos;Art. 6.1 f) el tratamiento es necesario para la satisfacci\u00f3n de intereses leg\u00edtimos perseguidos por el responsable del tratamiento en relaci\u00f3n a la publicidad y promoci\u00f3n comercial<\/td><\/tr><\/tbody><\/table><\/figure>\n\n\n\n<p>En el caso, debidamente justificado, que requiera conocer mayor detalle en cuanto al Registro de Actividades de Tratamiento puede dirigirse a QUAROO mediante cualquiera de los canales identificados<\/p>\n\n\n\n<p>\u00bfPor cu\u00e1nto tiempo conservamos sus datos personales?<\/p>\n\n\n\n<p>QUAROO conservar\u00e1 los datos de los afectados mientras dure su relaci\u00f3n con la organizaci\u00f3n y posteriormente a la misma, se conservar\u00e1n los datos acorde a lo dispuesto en la normativa de archivo y documentaci\u00f3n que cada legislaci\u00f3n aplicable establezca. En caso de que solicite un derecho se proceder\u00e1 a la supresi\u00f3n de sus datos en funci\u00f3n al derecho que haya solicitado.<\/p>\n\n\n\n<p>\u00bfQui\u00e9n tiene acceso a sus datos personales?<\/p>\n\n\n\n<p>QUAROO podr\u00e1 realizar cesiones o comunicaciones de datos personales para atender sus obligaciones con las Administraciones P\u00fablicas en los casos que as\u00ed se requiera de acuerdo con la legislaci\u00f3n vigente en cada momento.<\/p>\n\n\n\n<p>\u00bfCu\u00e1les son los derechos de los afectados?<\/p>\n\n\n\n<p>Le informamos de que podr\u00e1 ejercer los siguientes derechos:<\/p>\n\n\n\n<ol class=\"wp-block-list\">\n<li>Derecho de acceso a sus datos personales para saber cu\u00e1les est\u00e1n siendo objeto de tratamiento;<\/li>\n\n\n\n<li>Derecho de rectificaci\u00f3n de cualquier dato personal inexacto;<\/li>\n\n\n\n<li>Derecho de supresi\u00f3n de sus datos personales, cuando esto sea posible;<\/li>\n\n\n\n<li>Derecho a solicitar la limitaci\u00f3n del tratamiento de sus datos personales cuando la exactitud, la legalidad o la necesidad del tratamiento de los datos resulte dudosa, en cuyo caso, podremos conservar los datos para el ejercicio o la defensa de reclamaciones.<\/li>\n\n\n\n<li>Derecho de oposici\u00f3n al tratamiento de sus datos personales, cuando la base legal que nos habilite para su tratamiento sea el inter\u00e9s leg\u00edtimo. QUAROO dejar\u00e1 de tratar sus datos salvo que tenga un inter\u00e9s leg\u00edtimo imperioso o para la formulaci\u00f3n, el ejercicio o la defensa de reclamaciones.<\/li>\n\n\n\n<li>Derecho a la portabilidad de sus datos, cuando la base legal que nos habilite para su tratamiento de las indicadas sea su consentimiento.<\/li>\n<\/ol>\n\n\n\n<p>Dichos derechos podr\u00e1n ser ejercitados gratuitamente por el interesado, y en su caso quien lo represente, mediante solicitud escrita dirigida a quaroobilbao@gmail.com<\/p>\n\n\n\n<p>Adem\u00e1s de los anteriores derechos, el interesado tendr\u00e1 derecho a retirar el consentimiento otorgado en cualquier momento sin que dicha retirada de consentimiento afecte a la licitud del tratamiento anterior a la retirada del mismo. QUAROO podr\u00e1 continuar tratando los datos del interesado en la medida en que la ley aplicable lo permita.<\/p>\n\n\n\n<p>QAUROO recuerda al interesado que tiene derecho a presentar una reclamaci\u00f3n ante la Autoridad de Control competente del pa\u00eds en el que se encuentra.<\/p>\n\n\n\n<p>Baja en el servicio del env\u00edo de comunicaciones comerciales<\/p>\n\n\n\n<p>El interesado tiene derecho a revocar en cualquier momento el consentimiento prestado para el env\u00edo de comunicaciones comerciales con la simple notificaci\u00f3n a QUAROO por la cual informa que no desea seguir recibiendo comunicaciones comerciales. Para ello, el interesado podr\u00e1 pinchar en el enlace incluido en cada comunicaci\u00f3n cancelando el env\u00edo de comunicaciones comerciales electr\u00f3nicas o bien revocar su consentimiento mediante comunicado a quaroobilbao@gmail.com<\/p>\n\n\n\n<p>\u00bfQu\u00e9 medidas de seguridad tenemos implementadas?<\/p>\n\n\n\n<p>QUAROO se compromete al cumplimiento de su obligaci\u00f3n de secreto de los datos de car\u00e1cter personal y de su deber de guardarlos, y adoptar\u00e1 las medidas necesarias para evitar su alteraci\u00f3n, p\u00e9rdida, tratamiento o acceso no autorizado, de acuerdo con lo establecido por normativa aplicable.<\/p>\n\n\n\n<p>QUAROO tiene implantadas las medidas de seguridad de \u00edndole t\u00e9cnica y organizativas necesarias para garantizar la seguridad de sus datos de car\u00e1cter personal y evitar su alteraci\u00f3n, p\u00e9rdida y tratamiento y\/o acceso no autorizado, habida cuenta del estado de la tecnolog\u00eda, la naturaleza de los datos almacenados y los riesgos a que est\u00e1n expuestos, ya provengan de la acci\u00f3n humana o del medio f\u00edsico o natural, de acuerdo a lo establecido por la normativa aplicable.<\/p>\n\n\n\n<p>Links<\/p>\n\n\n\n<p>La p\u00e1gina web de QUAROO puede incluir hiperv\u00ednculos a otros sitios que no son operados o controlados por QUAROO. Por ello, QUAROO no garantiza, ni se hace responsable de la licitud, fiabilidad, utilidad, veracidad y actualidad de los contenidos de tales sitios web o de sus pr\u00e1cticas de privacidad. Por favor antes de proporcionar su informaci\u00f3n personal a estos sitios web ajenos a QUAROO tenga en cuenta que su cumplimiento en materia de protecci\u00f3n de datos puede diferir del nuestro.<\/p>\n\n\n\n<p>Modificaci\u00f3n de la Pol\u00edtica de Privacidad<\/p>\n\n\n\n<p>QUAROO podr\u00e1 modificar su Pol\u00edtica de Privacidad de acuerdo con la legislaci\u00f3n aplicable en cada momento. En todo caso, cualquier modificaci\u00f3n de la Pol\u00edtica de Privacidad le ser\u00e1 debidamente notificada al Afectado para que, quede informado de los cambios realizados en el tratamiento de sus datos personales y, en caso de que la normativa aplicable as\u00ed lo exija, el Afectado pueda otorgar su consentimiento.<\/p>\n\n\n\n<p>COOKIES<\/p>\n\n\n\n<p>La ASOCIACI\u00d3N ESTUDIANTIL JUNIOR EMPRESA QUAROO quieren informarle sobre el uso de las cookies en sus sitios web.&nbsp;<\/p>\n\n\n\n<p>Las cookies son archivos que se pueden descargar en su equipo a trav\u00e9s de las p\u00e1ginas web. Son herramientas que tienen un papel esencial para la prestaci\u00f3n de numerosos servicios de la sociedad de la informaci\u00f3n. Entre otros, permiten a un sitio web almacenar y recuperar informaci\u00f3n sobre los h\u00e1bitos de navegaci\u00f3n de un usuario o de su equipo y, dependiendo de la informaci\u00f3n obtenida, se pueden utilizar para reconocer al usuario y mejorar el servicio ofrecido.<\/p>\n\n\n\n<p>Tipos de cookies&nbsp;<\/p>\n\n\n\n<p>Se pueden distinguir dos tipos de cookies, seg\u00fan quien sea la entidad que gestione el dominio desde donde se env\u00edan las cookies y trate los datos que se obtengan: cookies propias y cookies de terceros.<\/p>\n\n\n\n<p>Adem\u00e1s, hablamos de cookies de sesi\u00f3n o cookies permanentes, cuando se trata del plazo de tiempo que permanecen almacenadas en el navegador del cliente.<\/p>\n\n\n\n<p>Por \u00faltimo, existe otra clasificaci\u00f3n con cinco tipos de cookies seg\u00fan la finalidad para la que se traten los datos obtenidos: cookies t\u00e9cnicas, cookies de personalizaci\u00f3n, cookies de an\u00e1lisis, cookies publicitarias y cookies de publicidad comportamental.<\/p>\n\n\n\n<p>Quedan exceptuadas del cumplimiento de las obligaciones establecidas en el art\u00edculo 22.2 de la Ley 34\/2002, de 11 de julio, de servicios de la sociedad de la informaci\u00f3n y de comercio electr\u00f3nico, en adelante LSSI, las cookies utilizadas para alguna de las siguientes finalidades:<\/p>\n\n\n\n<p>\u2013 &nbsp; Permitir \u00fanicamente la comunicaci\u00f3n entre el equipo del usuario y la red.<\/p>\n\n\n\n<p>\u2013 &nbsp; Estrictamente prestar un servicio expresamente solicitado por el usuario.<\/p>\n\n\n\n<p>En este sentido el Grupo de Trabajo del Art\u00edculo 29 en su Dictamen 4\/2012 (Dictamen 4\/2012 sobre la exenci\u00f3n del requisito de consentimiento de Cookies,&nbsp;<a href=\"http:\/\/ec.europa.eu\/justice\/data-protection\/article-29\/documentation\/opinion-recommendation\/files\/2012\/wp194_es.pdf\">http:\/\/ec.europa.eu\/justice\/data-protection\/article-29\/documentation\/opinion-recommendation\/files\/2012\/wp194_es.pdf<\/a>) ha interpretado que entre las cookies exceptuadas estar\u00edan aquellas que tienen por finalidad:<\/p>\n\n\n\n<p>\u2013&nbsp; Cookies de \u00abentrada del usuario\u00bb<\/p>\n\n\n\n<p>\u2013&nbsp; Cookies de autenticaci\u00f3n o identificaci\u00f3n de usuario (\u00fanicamente de sesi\u00f3n)<\/p>\n\n\n\n<p>\u2013&nbsp; Cookies de seguridad del usuario<\/p>\n\n\n\n<p>\u2013&nbsp; Cookies de sesi\u00f3n de reproductor multimedia<\/p>\n\n\n\n<p>\u2013&nbsp; Cookies de sesi\u00f3n para equilibrar la carga<\/p>\n\n\n\n<p>\u2013&nbsp; Cookies de personalizaci\u00f3n de la interfaz de usuario<\/p>\n\n\n\n<p>\u2013&nbsp; Cookies de complemento (plug-in) para intercambiar contenidos sociales<\/p>\n\n\n\n<p>As\u00ed pues, puede entenderse que estas cookies quedan excluidas del \u00e1mbito de aplicaci\u00f3n del art\u00edculo 22.2 de la LSSI, y por lo tanto, no ser\u00eda necesario informar ni obtener el consentimiento sobre su uso.<\/p>\n\n\n\n<p>Cookies utilizadas en la web:<\/p>\n\n\n\n<p>Google Analytics<\/p>\n\n\n\n<p>Los sitios web de QUAROO utilizan Google Analytics, un servicio de anal\u00edtica web desarrollada por Google, que permite la medici\u00f3n y an\u00e1lisis de la navegaci\u00f3n en los sitios web. En su navegador podr\u00e1 observar cookies de este servicio. Seg\u00fan la tipolog\u00eda anterior se trata de cookies propias, de sesi\u00f3n y de an\u00e1lisis. Puede encontrar m\u00e1s informaci\u00f3n al respecto e inhabilitar el uso de estas cookies en&nbsp;<a href=\"https:\/\/developers.google.com\/analytics\/devguides\/collection\/analyticsjs\/cookie-usage\">https:\/\/developers.google.com\/analytics\/devguides\/collection\/analyticsjs\/cookie-usage<\/a><\/p>\n\n\n\n<p>A trav\u00e9s de la anal\u00edtica web se obtiene informaci\u00f3n relativa al n\u00famero de usuarios que acceden a la web, el n\u00famero de p\u00e1ginas vistas, la frecuencia y repetici\u00f3n de las visitas, su duraci\u00f3n, el navegador utilizado, el operador que presta el servicio, el idioma, el terminal que utiliza, o la ciudad a la que est\u00e1 asignada su direcci\u00f3n IP. Informaci\u00f3n que posibilita un mejor y m\u00e1s apropiado servicio por parte de este sitio web.<\/p>\n\n\n\n<p>Google maps<\/p>\n\n\n\n<p>Los sitios web de QUAROO utilizan Google maps. Puede encontrar m\u00e1s informaci\u00f3n al respecto en&nbsp;<a href=\"https:\/\/www.google.com\/intl\/es\/policies\/technologies\/cookies\/\">https:\/\/www.google.com\/intl\/es\/policies\/technologies\/cookies\/<\/a><\/p>\n\n\n\n<p>Aceptaci\u00f3n de la Pol\u00edtica de cookies<\/p>\n\n\n\n<p>QUAROO asume que usted acepta el uso de cookies. No obstante, muestra informaci\u00f3n sobre su Pol\u00edtica de cookies en la parte inferior de cualquier p\u00e1gina de los sitios web con cada inicio de sesi\u00f3n con el objeto de que usted sea consciente.<\/p>\n\n\n\n<p>Ante esta informaci\u00f3n es posible llevar a cabo las siguientes acciones:<\/p>\n\n\n\n<p>Aceptar cookies. No se volver\u00e1 a visualizar este aviso al acceder a cualquier p\u00e1gina de los sitios web durante la presente sesi\u00f3n.<\/p>\n\n\n\n<p>No aceptar. La web no funcionar\u00e1 correctamente y no se podr\u00e1 navegar por ella.<\/p>\n\n\n\n<p>Modificar su configuraci\u00f3n:<\/p>\n\n\n\n<p>C\u00f3mo modificar la configuraci\u00f3n de las cookies&nbsp;<\/p>\n\n\n\n<p>Usted puede restringir, bloquear o borrar las cookies de POKHARA o cualquier otro sitio web, utilizando su navegador. En cada navegador la operativa es diferente, la funci\u00f3n de \u2018Ayuda\u201d le mostrar\u00e1 c\u00f3mo hacerlo.<\/p>\n\n\n\n<p>Internet Explorer:&nbsp;<a href=\"http:\/\/windows.microsoft.com\/es-xl\/internet-explorer\/delete-manage-cookies%23ie=ie-10\">windows.microsoft.com\/es-xl\/internet-explorer\/delete-manage-cookies#ie=\u201die-10\u2033&nbsp;<\/a><\/p>\n\n\n\n<p>FireFox:&nbsp;<a href=\"https:\/\/support.mozilla.org\/es\/kb\/Borrar%2520cookies\">support.mozilla.org\/es\/kb\/Borrar%20cookies&nbsp;<\/a><\/p>\n\n\n\n<p>Chrome:&nbsp;<a href=\"https:\/\/support.google.com\/chrome\/answer\/95647?hl=es\">support.google.com\/chrome\/answer\/95647?hl=\u201des\u201d&nbsp;<\/a><\/p>\n\n\n\n<p>Safari:&nbsp;<a href=\"http:\/\/www.apple.com\/es\/privacy\/use-of-cookies\/\">www.apple.com\/es\/privacy\/use-of-cookies\/&nbsp;<\/a><\/p>\n\n\n\n<p>Adem\u00e1s, tambi\u00e9n puede gestionar el almac\u00e9n de cookies en su navegador a trav\u00e9s de herramientas como las siguientes:<\/p>\n\n\n\n<p>Ghostery:&nbsp;<a href=\"http:\/\/www.ghostery.com\/\">www.ghostery.com\/&nbsp;<\/a>Your online choices:&nbsp;<a href=\"http:\/\/www.youronlinechoices.com\/es\/\">www.youronlinechoices.com\/es\/<\/a><\/p>\n","protected":false},"excerpt":{"rendered":"<p>Identificaci\u00f3n del responsable: ASOCIACI\u00d3N ESTUDIANTIL JUNIOR EMPRESA QUAROO (en adelante, QUAROO) con NIF G72708662 y domicilio en Calle Uribitarte, 6, 48001 Bilbao, Vizcaya. Contacto: quaroobilbao@gmail.com \u00bfQui\u00e9n es el Responsable del tratamiento de sus datos? La presente pol\u00edtica de privacidad aplica a todos los datos de car\u00e1cter personal que el interesado aporte a QUAROO, as\u00ed como [&hellip;]<\/p>\n","protected":false},"author":1,"featured_media":0,"parent":0,"menu_order":0,"comment_status":"closed","ping_status":"open","template":"","meta":{"_gspb_post_css":"","footnotes":""},"class_list":["post-3","page","type-page","status-publish","hentry"],"blocksy_meta":[],"_links":{"self":[{"href":"https:\/\/pumppromotion.es\/index.php\/wp-json\/wp\/v2\/pages\/3","targetHints":{"allow":["GET"]}}],"collection":[{"href":"https:\/\/pumppromotion.es\/index.php\/wp-json\/wp\/v2\/pages"}],"about":[{"href":"https:\/\/pumppromotion.es\/index.php\/wp-json\/wp\/v2\/types\/page"}],"author":[{"embeddable":true,"href":"https:\/\/pumppromotion.es\/index.php\/wp-json\/wp\/v2\/users\/1"}],"replies":[{"embeddable":true,"href":"https:\/\/pumppromotion.es\/index.php\/wp-json\/wp\/v2\/comments?post=3"}],"version-history":[{"count":1,"href":"https:\/\/pumppromotion.es\/index.php\/wp-json\/wp\/v2\/pages\/3\/revisions"}],"predecessor-version":[{"id":1529,"href":"https:\/\/pumppromotion.es\/index.php\/wp-json\/wp\/v2\/pages\/3\/revisions\/1529"}],"wp:attachment":[{"href":"https:\/\/pumppromotion.es\/index.php\/wp-json\/wp\/v2\/media?parent=3"}],"curies":[{"name":"wp","href":"https:\/\/api.w.org\/{rel}","templated":true}]}}