{"id":2018,"date":"2025-05-29T10:01:37","date_gmt":"2025-05-29T08:01:37","guid":{"rendered":"https:\/\/pumppromotion.es\/?page_id=2018"},"modified":"2025-05-29T10:01:48","modified_gmt":"2025-05-29T08:01:48","slug":"2018-2","status":"publish","type":"page","link":"https:\/\/pumppromotion.es\/index.php\/2018-2\/","title":{"rendered":"Politica de cookies"},"content":{"rendered":"\n<h3 class=\"wp-block-heading\" id=\"politica-de-cookies\">Pol\u00edtica de Cookies<\/h3>\n\n\n\n<p><strong>Pol\u00edtica de Cookies<\/strong><\/p>\n\n\n\n<p><strong>\u00daltima actualizaci\u00f3n: [11\/02\/2025]<\/strong><\/p>\n\n\n\n<p>En Pump, utilizamos cookies y tecnolog\u00edas similares para mejorar su experiencia en nuestro sitio web y para ofrecerle servicios personalizados. Esta Pol\u00edtica de Cookies explica qu\u00e9 son las cookies, c\u00f3mo las utilizamos y sus derechos relacionados con el uso de cookies.<\/p>\n\n\n\n<p><strong>\u00bfQu\u00e9 son las cookies?<\/strong><\/p>\n\n\n\n<p>Las cookies son peque\u00f1os archivos de texto que se almacenan en su dispositivo (computadora, tablet, tel\u00e9fono) cuando visita un sitio web. Estas cookies permiten al sitio web recordar sus acciones y preferencias (como inicio de sesi\u00f3n, idioma y otras configuraciones) durante un per\u00edodo de tiempo, para que no tenga que volver a ingresarlas cada vez que regrese al sitio o navegue de una p\u00e1gina a otra.<\/p>\n\n\n\n<p><strong>\u00bfPor qu\u00e9 usamos cookies?<\/strong><\/p>\n\n\n\n<p>Utilizamos cookies por diversas razones, que incluyen:<\/p>\n\n\n\n<ul class=\"wp-block-list\">\n<li><strong>Funcionalidad del sitio web:<\/strong> Algunas cookies son esenciales para que nuestro sitio web funcione correctamente. Permiten la navegaci\u00f3n y el uso de funciones b\u00e1sicas.<\/li>\n\n\n\n<li><strong>An\u00e1lisis y rendimiento:<\/strong> Utilizamos cookies para analizar el uso del sitio web y recopilar datos sobre el comportamiento de los visitantes, lo que nos ayuda a mejorar el rendimiento y la funcionalidad del sitio.<\/li>\n\n\n\n<li><strong>Publicidad y marketing:<\/strong> Las cookies pueden utilizarse para ofrecer anuncios m\u00e1s relevantes para usted y sus intereses, as\u00ed como para medir la efectividad de nuestras campa\u00f1as publicitarias.<\/li>\n<\/ul>\n\n\n\n<p><strong>Tipos de cookies que utilizamos:<\/strong><\/p>\n\n\n\n<ol class=\"wp-block-list\">\n<li><strong>Cookies esenciales:<\/strong> Son necesarias para el funcionamiento del sitio web y no se pueden desactivar en nuestros sistemas.<\/li>\n\n\n\n<li><strong>Cookies de rendimiento:<\/strong> Recopilan informaci\u00f3n sobre c\u00f3mo los visitantes utilizan nuestro sitio, como las p\u00e1ginas m\u00e1s visitadas y si reciben mensajes de error.<\/li>\n\n\n\n<li><strong>Cookies de funcionalidad:<\/strong> Permiten que el sitio web recuerde las elecciones que hace (como su nombre de usuario y preferencias de idioma) y proporcionan caracter\u00edsticas mejoradas y m\u00e1s personalizadas.<\/li>\n\n\n\n<li><strong>Cookies de publicidad:<\/strong> Se utilizan para mostrar anuncios m\u00e1s relevantes para usted y sus intereses. Tambi\u00e9n se utilizan para limitar el n\u00famero de veces que ve un anuncio y ayudar a medir la efectividad de las campa\u00f1as publicitarias.<\/li>\n<\/ol>\n\n\n\n<p><strong>Gesti\u00f3n de cookies:<\/strong><\/p>\n\n\n\n<p>Puede controlar y gestionar las cookies a trav\u00e9s de la configuraci\u00f3n de su navegador. La mayor\u00eda de los navegadores le permiten:<\/p>\n\n\n\n<ul class=\"wp-block-list\">\n<li>Ver qu\u00e9 cookies tiene almacenadas.<\/li>\n\n\n\n<li>Eliminar cookies.<\/li>\n\n\n\n<li>Bloquear cookies de sitios espec\u00edficos.<\/li>\n\n\n\n<li>Bloquear las cookies de todos los sitios.<\/li>\n\n\n\n<li>Eliminar todas las cookies cuando cierre el navegador.<\/li>\n<\/ul>\n\n\n\n<p>Tenga en cuenta que si decide eliminar o bloquear las cookies, esto podr\u00eda afectar su experiencia en nuestro sitio y limitar algunas funcionalidades.<\/p>\n\n\n\n<p><strong>Cambios en la Pol\u00edtica de Cookies:<\/strong><\/p>\n\n\n\n<p>Podemos actualizar esta Pol\u00edtica de Cookies de vez en cuando para reflejar cambios en nuestras pr\u00e1cticas. Le recomendamos que revise esta p\u00e1gina peri\u00f3dicamente para mantenerse informado sobre nuestra Pol\u00edtica de Cookies.<\/p>\n\n\n\n<p><strong>Contacto:<\/strong><\/p>\n\n\n\n<p>Si tiene alguna pregunta sobre nuestra Pol\u00edtica de Cookies, no dude en ponerse en contacto con nosotros a trav\u00e9s de <a href=\"mailto:info@synacompany.com\">pumpromotion@gmail.com<\/a>.<\/p>\n","protected":false},"excerpt":{"rendered":"<p>Pol\u00edtica de Cookies Pol\u00edtica de Cookies \u00daltima actualizaci\u00f3n: [11\/02\/2025] En Pump, utilizamos cookies y tecnolog\u00edas similares para mejorar su experiencia en nuestro sitio web y para ofrecerle servicios personalizados. Esta Pol\u00edtica de Cookies explica qu\u00e9 son las cookies, c\u00f3mo las utilizamos y sus derechos relacionados con el uso de cookies. \u00bfQu\u00e9 son las cookies? Las [&hellip;]<\/p>\n","protected":false},"author":1,"featured_media":0,"parent":0,"menu_order":0,"comment_status":"closed","ping_status":"closed","template":"","meta":{"_gspb_post_css":"","footnotes":""},"class_list":["post-2018","page","type-page","status-publish","hentry"],"blocksy_meta":[],"_links":{"self":[{"href":"https:\/\/pumppromotion.es\/index.php\/wp-json\/wp\/v2\/pages\/2018","targetHints":{"allow":["GET"]}}],"collection":[{"href":"https:\/\/pumppromotion.es\/index.php\/wp-json\/wp\/v2\/pages"}],"about":[{"href":"https:\/\/pumppromotion.es\/index.php\/wp-json\/wp\/v2\/types\/page"}],"author":[{"embeddable":true,"href":"https:\/\/pumppromotion.es\/index.php\/wp-json\/wp\/v2\/users\/1"}],"replies":[{"embeddable":true,"href":"https:\/\/pumppromotion.es\/index.php\/wp-json\/wp\/v2\/comments?post=2018"}],"version-history":[{"count":2,"href":"https:\/\/pumppromotion.es\/index.php\/wp-json\/wp\/v2\/pages\/2018\/revisions"}],"predecessor-version":[{"id":2020,"href":"https:\/\/pumppromotion.es\/index.php\/wp-json\/wp\/v2\/pages\/2018\/revisions\/2020"}],"wp:attachment":[{"href":"https:\/\/pumppromotion.es\/index.php\/wp-json\/wp\/v2\/media?parent=2018"}],"curies":[{"name":"wp","href":"https:\/\/api.w.org\/{rel}","templated":true}]}}