{"id":1889,"date":"2025-02-26T15:46:03","date_gmt":"2025-02-26T14:46:03","guid":{"rendered":"https:\/\/pumppromotion.es\/?page_id=1889"},"modified":"2025-06-28T20:24:19","modified_gmt":"2025-06-28T18:24:19","slug":"talleres","status":"publish","type":"page","link":"https:\/\/pumppromotion.es\/index.php\/talleres\/","title":{"rendered":"Talleres"},"content":{"rendered":"\t\t<div data-elementor-type=\"wp-page\" data-elementor-id=\"1889\" class=\"elementor elementor-1889\" data-elementor-post-type=\"page\">\n\t\t\t\t<div class=\"elementor-element elementor-element-undefined-646732f e-con-full e-flex e-con e-parent\" data-id=\"undefined-646732f\" data-element_type=\"container\" data-settings=\"{&quot;background_background&quot;:&quot;classic&quot;,&quot;background_motion_fx_translateX_effect&quot;:&quot;yes&quot;,&quot;background_motion_fx_translateX_affectedRange&quot;:{&quot;unit&quot;:&quot;%&quot;,&quot;size&quot;:&quot;&quot;,&quot;sizes&quot;:{&quot;start&quot;:80,&quot;end&quot;:100}},&quot;background_motion_fx_motion_fx_scrolling&quot;:&quot;yes&quot;,&quot;background_motion_fx_translateY_effect&quot;:&quot;yes&quot;,&quot;background_motion_fx_translateX_speed&quot;:{&quot;unit&quot;:&quot;px&quot;,&quot;size&quot;:0.6,&quot;sizes&quot;:[]},&quot;background_motion_fx_translateY_speed&quot;:{&quot;unit&quot;:&quot;px&quot;,&quot;size&quot;:4,&quot;sizes&quot;:[]},&quot;background_motion_fx_translateY_affectedRange&quot;:{&quot;unit&quot;:&quot;%&quot;,&quot;size&quot;:&quot;&quot;,&quot;sizes&quot;:{&quot;start&quot;:0,&quot;end&quot;:100}},&quot;background_motion_fx_devices&quot;:[&quot;desktop&quot;,&quot;tablet&quot;,&quot;mobile&quot;]}\">\n\t\t<div class=\"elementor-element elementor-element-undefined-533263e e-flex e-con-boxed e-con e-child\" data-id=\"undefined-533263e\" data-element_type=\"container\">\n\t\t\t\t\t<div class=\"e-con-inner\">\n\t\t<div class=\"elementor-element elementor-element-undefined-fd69739 e-flex e-con-boxed e-con e-child\" data-id=\"undefined-fd69739\" data-element_type=\"container\">\n\t\t\t\t\t<div class=\"e-con-inner\">\n\t\t\t\t<div class=\"elementor-element elementor-element-undefined-d89762e elementor-widget elementor-widget-heading\" data-id=\"undefined-d89762e\" data-element_type=\"widget\" data-widget_type=\"heading.default\">\n\t\t\t\t<div class=\"elementor-widget-container\">\n\t\t\t\t\t<h2 class=\"elementor-heading-title elementor-size-default\">Luchamos por las causas sociales.<\/h2>\t\t\t\t<\/div>\n\t\t\t\t<\/div>\n\t\t\t\t\t<\/div>\n\t\t\t\t<\/div>\n\t\t<div class=\"elementor-element elementor-element-undefined-97219f6 e-con-full e-flex e-con e-child\" data-id=\"undefined-97219f6\" data-element_type=\"container\">\n\t\t\t\t<div class=\"elementor-element elementor-element-undefined-f895cd6 elementor-widget elementor-widget-text-editor\" data-id=\"undefined-f895cd6\" data-element_type=\"widget\" data-widget_type=\"text-editor.default\">\n\t\t\t\t<div class=\"elementor-widget-container\">\n\t\t\t\t\t\t\t\t\t<blockquote data-start=\"579\" data-end=\"829\"><p class=\"\" data-start=\"581\" data-end=\"829\">En Pump Promotions trabajamos con ayuntamientos y entidades p\u00fablicas para ofrecer talleres que fomentan la seguridad, el respeto y la autoestima. Nuestras propuestas est\u00e1n dise\u00f1adas para empoderar a mujeres y proteger a la juventud frente al acoso.<\/p><\/blockquote>\t\t\t\t\t\t\t\t<\/div>\n\t\t\t\t<\/div>\n\t\t\t\t<div class=\"elementor-element elementor-element-undefined-55aaac7 elementor-widget__width-auto elementor-widget elementor-widget-button\" data-id=\"undefined-55aaac7\" data-element_type=\"widget\" data-widget_type=\"button.default\">\n\t\t\t\t<div class=\"elementor-widget-container\">\n\t\t\t\t\t\t\t\t\t<div class=\"elementor-button-wrapper\">\n\t\t\t\t\t<a class=\"elementor-button elementor-button-link elementor-size-sm\" href=\"\">\n\t\t\t\t\t\t<span class=\"elementor-button-content-wrapper\">\n\t\t\t\t\t\t\t\t\t<span class=\"elementor-button-text\">Mas informaci\u00f3n<\/span>\n\t\t\t\t\t<\/span>\n\t\t\t\t\t<\/a>\n\t\t\t\t<\/div>\n\t\t\t\t\t\t\t\t<\/div>\n\t\t\t\t<\/div>\n\t\t\t\t<\/div>\n\t\t\t\t\t<\/div>\n\t\t\t\t<\/div>\n\t\t\t\t<\/div>\n\t\t<div class=\"elementor-element elementor-element-896f006 e-flex e-con-boxed e-con e-parent\" data-id=\"896f006\" data-element_type=\"container\">\n\t\t\t\t\t<div class=\"e-con-inner\">\n\t\t\t\t<div class=\"elementor-element elementor-element-2cecdfb elementor-widget elementor-widget-spacer\" data-id=\"2cecdfb\" data-element_type=\"widget\" data-widget_type=\"spacer.default\">\n\t\t\t\t<div class=\"elementor-widget-container\">\n\t\t\t\t\t\t\t<div class=\"elementor-spacer\">\n\t\t\t<div class=\"elementor-spacer-inner\"><\/div>\n\t\t<\/div>\n\t\t\t\t\t\t<\/div>\n\t\t\t\t<\/div>\n\t\t\t\t\t<\/div>\n\t\t\t\t<\/div>\n\t\t<div class=\"elementor-element elementor-element-006d65a e-flex e-con-boxed e-con e-parent\" data-id=\"006d65a\" data-element_type=\"container\">\n\t\t\t\t\t<div class=\"e-con-inner\">\n\t\t<div class=\"elementor-element elementor-element-0ac0eb5 e-con-full e-flex e-con e-child\" data-id=\"0ac0eb5\" data-element_type=\"container\">\n\t\t\t\t<div class=\"elementor-element elementor-element-cc9d173 elementor-widget elementor-widget-heading\" data-id=\"cc9d173\" data-element_type=\"widget\" data-widget_type=\"heading.default\">\n\t\t\t\t<div class=\"elementor-widget-container\">\n\t\t\t\t\t<h2 class=\"elementor-heading-title elementor-size-default\">Taller Antibullying para J\u00f3venes<\/h2>\t\t\t\t<\/div>\n\t\t\t\t<\/div>\n\t\t\t\t<div class=\"elementor-element elementor-element-aaca323 elementor-widget elementor-widget-heading\" data-id=\"aaca323\" data-element_type=\"widget\" data-widget_type=\"heading.default\">\n\t\t\t\t<div class=\"elementor-widget-container\">\n\t\t\t\t\t<h2 class=\"elementor-heading-title elementor-size-default\"><strong data-start=\"1473\" data-end=\"1485\">Objetivo<\/strong>: Prevenir el acoso escolar mediante el desarrollo de habilidades sociales, emocionales y de defensa no violenta.<\/h2>\t\t\t\t<\/div>\n\t\t\t\t<\/div>\n\t\t\t\t<\/div>\n\t\t<div class=\"elementor-element elementor-element-45acb29 e-con-full e-flex e-con e-child\" data-id=\"45acb29\" data-element_type=\"container\">\n\t\t\t\t<div class=\"elementor-element elementor-element-90e5881 elementor-widget elementor-widget-heading\" data-id=\"90e5881\" data-element_type=\"widget\" data-widget_type=\"heading.default\">\n\t\t\t\t<div class=\"elementor-widget-container\">\n\t\t\t\t\t<h2 class=\"elementor-heading-title elementor-size-default\">Taller de Defensa Personal para Mujeres<\/h2>\t\t\t\t<\/div>\n\t\t\t\t<\/div>\n\t\t\t\t<div class=\"elementor-element elementor-element-83c3935 elementor-widget elementor-widget-heading\" data-id=\"83c3935\" data-element_type=\"widget\" data-widget_type=\"heading.default\">\n\t\t\t\t<div class=\"elementor-widget-container\">\n\t\t\t\t\t<h2 class=\"elementor-heading-title elementor-size-default\"><strong data-start=\"885\" data-end=\"897\">Objetivo<\/strong>: Empoderar a las participantes a trav\u00e9s de herramientas f\u00edsicas, emocionales y preventivas.<\/h2>\t\t\t\t<\/div>\n\t\t\t\t<\/div>\n\t\t\t\t<\/div>\n\t\t\t\t\t<\/div>\n\t\t\t\t<\/div>\n\t\t<div class=\"elementor-element elementor-element-5f63aa2 e-flex e-con-boxed e-con e-parent\" data-id=\"5f63aa2\" data-element_type=\"container\">\n\t\t\t\t\t<div class=\"e-con-inner\">\n\t\t\t\t<div class=\"elementor-element elementor-element-94449a4 elementor-widget elementor-widget-spacer\" data-id=\"94449a4\" data-element_type=\"widget\" data-widget_type=\"spacer.default\">\n\t\t\t\t<div class=\"elementor-widget-container\">\n\t\t\t\t\t\t\t<div class=\"elementor-spacer\">\n\t\t\t<div class=\"elementor-spacer-inner\"><\/div>\n\t\t<\/div>\n\t\t\t\t\t\t<\/div>\n\t\t\t\t<\/div>\n\t\t\t\t\t<\/div>\n\t\t\t\t<\/div>\n\t\t<div class=\"elementor-element elementor-element-96be908 e-flex e-con-boxed e-con e-parent\" data-id=\"96be908\" data-element_type=\"container\">\n\t\t\t\t\t<div class=\"e-con-inner\">\n\t\t\t\t<div class=\"elementor-element elementor-element-0bea031 elementor-widget elementor-widget-heading\" data-id=\"0bea031\" data-element_type=\"widget\" data-widget_type=\"heading.default\">\n\t\t\t\t<div class=\"elementor-widget-container\">\n\t\t\t\t\t<h2 class=\"elementor-heading-title elementor-size-default\">Galeria<\/h2>\t\t\t\t<\/div>\n\t\t\t\t<\/div>\n\t\t\t\t\t<\/div>\n\t\t\t\t<\/div>\n\t\t<div class=\"elementor-element elementor-element-5482672 e-flex e-con-boxed e-con e-parent\" data-id=\"5482672\" data-element_type=\"container\">\n\t\t\t\t\t<div class=\"e-con-inner\">\n\t\t<div class=\"elementor-element elementor-element-d055b58 e-con-full e-flex e-con e-child\" data-id=\"d055b58\" data-element_type=\"container\">\n\t\t\t\t<div class=\"elementor-element elementor-element-9872deb elementor-widget elementor-widget-image\" data-id=\"9872deb\" data-element_type=\"widget\" data-widget_type=\"image.default\">\n\t\t\t\t<div class=\"elementor-widget-container\">\n\t\t\t\t\t\t\t\t\t\t\t\t\t\t\t<img decoding=\"async\" src=\"https:\/\/pumppromotion.es\/wp-content\/uploads\/elementor\/thumbs\/cebb288a-24ce-4ee8-900c-2343140ec1a7-scaled-r26hzjp1ssmgexczqijqgrwhtjvzmend9s4vkhfr5c.jpg\" title=\"cebb288a-24ce-4ee8-900c-2343140ec1a7\" alt=\"cebb288a-24ce-4ee8-900c-2343140ec1a7\" loading=\"lazy\" \/>\t\t\t\t\t\t\t\t\t\t\t\t\t\t\t<\/div>\n\t\t\t\t<\/div>\n\t\t\t\t<\/div>\n\t\t<div class=\"elementor-element elementor-element-4dec699 e-con-full e-flex e-con e-child\" data-id=\"4dec699\" data-element_type=\"container\">\n\t\t\t\t<div class=\"elementor-element elementor-element-a29c79d elementor-widget elementor-widget-image\" data-id=\"a29c79d\" data-element_type=\"widget\" data-widget_type=\"image.default\">\n\t\t\t\t<div class=\"elementor-widget-container\">\n\t\t\t\t\t\t\t\t\t\t\t\t\t\t\t<img decoding=\"async\" src=\"https:\/\/pumppromotion.es\/wp-content\/uploads\/elementor\/thumbs\/00cdae1d-b0f6-40fa-b218-83a5836159ab-scaled-r26hxwh7u8de3hr0cay8louge9zv5h4a1n1ac1vk1c.jpg\" title=\"00cdae1d-b0f6-40fa-b218-83a5836159ab\" alt=\"00cdae1d-b0f6-40fa-b218-83a5836159ab\" loading=\"lazy\" \/>\t\t\t\t\t\t\t\t\t\t\t\t\t\t\t<\/div>\n\t\t\t\t<\/div>\n\t\t\t\t<\/div>\n\t\t<div class=\"elementor-element elementor-element-0544c53 e-con-full e-flex e-con e-child\" data-id=\"0544c53\" data-element_type=\"container\">\n\t\t\t\t<div class=\"elementor-element elementor-element-55ccc14 elementor-widget elementor-widget-image\" data-id=\"55ccc14\" data-element_type=\"widget\" data-widget_type=\"image.default\">\n\t\t\t\t<div class=\"elementor-widget-container\">\n\t\t\t\t\t\t\t\t\t\t\t\t\t\t\t<img decoding=\"async\" src=\"https:\/\/pumppromotion.es\/wp-content\/uploads\/elementor\/thumbs\/514229e4-8534-4715-bb09-4521b673e1c2-scaled-r26hysfqall528gl5orjygs4ldmcf6n5i17sngk65s.jpg\" title=\"514229e4-8534-4715-bb09-4521b673e1c2\" alt=\"514229e4-8534-4715-bb09-4521b673e1c2\" loading=\"lazy\" \/>\t\t\t\t\t\t\t\t\t\t\t\t\t\t\t<\/div>\n\t\t\t\t<\/div>\n\t\t\t\t<\/div>\n\t\t<div class=\"elementor-element elementor-element-f0ea437 e-con-full e-flex e-con e-child\" data-id=\"f0ea437\" data-element_type=\"container\">\n\t\t\t\t<div class=\"elementor-element elementor-element-652eac8 elementor-widget elementor-widget-image\" data-id=\"652eac8\" data-element_type=\"widget\" data-widget_type=\"image.default\">\n\t\t\t\t<div class=\"elementor-widget-container\">\n\t\t\t\t\t\t\t\t\t\t\t\t\t\t\t<img decoding=\"async\" src=\"https:\/\/pumppromotion.es\/wp-content\/uploads\/elementor\/thumbs\/e1e45d89-5da9-40cd-90da-f31629ef5b48-scaled-r22w8az9uu1mxylmicfa6jol4jugx053pa2j2rj968.jpg\" title=\"e1e45d89-5da9-40cd-90da-f31629ef5b48\" alt=\"e1e45d89-5da9-40cd-90da-f31629ef5b48\" loading=\"lazy\" \/>\t\t\t\t\t\t\t\t\t\t\t\t\t\t\t<\/div>\n\t\t\t\t<\/div>\n\t\t\t\t<\/div>\n\t\t<div class=\"elementor-element elementor-element-e309022 e-con-full e-flex e-con e-child\" data-id=\"e309022\" data-element_type=\"container\">\n\t\t\t\t<div class=\"elementor-element elementor-element-cfe030f elementor-widget elementor-widget-image\" data-id=\"cfe030f\" data-element_type=\"widget\" data-widget_type=\"image.default\">\n\t\t\t\t<div class=\"elementor-widget-container\">\n\t\t\t\t\t\t\t\t\t\t\t\t\t\t\t<img decoding=\"async\" src=\"https:\/\/pumppromotion.es\/wp-content\/uploads\/elementor\/thumbs\/a79d265c-066d-4e89-afe9-b208e0dd8990-scaled-r22w5ozevegyoye5r7sl97ehq0prj9ry0ctz33emgg.jpg\" title=\"a79d265c-066d-4e89-afe9-b208e0dd8990\" alt=\"a79d265c-066d-4e89-afe9-b208e0dd8990\" loading=\"lazy\" \/>\t\t\t\t\t\t\t\t\t\t\t\t\t\t\t<\/div>\n\t\t\t\t<\/div>\n\t\t\t\t<\/div>\n\t\t<div class=\"elementor-element elementor-element-6e5978f e-con-full e-flex e-con e-child\" data-id=\"6e5978f\" data-element_type=\"container\">\n\t\t\t\t<div class=\"elementor-element elementor-element-47d3487 elementor-widget elementor-widget-image\" data-id=\"47d3487\" data-element_type=\"widget\" data-widget_type=\"image.default\">\n\t\t\t\t<div class=\"elementor-widget-container\">\n\t\t\t\t\t\t\t\t\t\t\t\t\t\t\t<img decoding=\"async\" src=\"https:\/\/pumppromotion.es\/wp-content\/uploads\/elementor\/thumbs\/06a0b558-2d4d-4d09-9c31-90a6bef71a47-scaled-r22wg6uj6su8c75agr4m3k1siwzbhlg1gb360bucz4.jpg\" title=\"06a0b558-2d4d-4d09-9c31-90a6bef71a47\" alt=\"06a0b558-2d4d-4d09-9c31-90a6bef71a47\" loading=\"lazy\" \/>\t\t\t\t\t\t\t\t\t\t\t\t\t\t\t<\/div>\n\t\t\t\t<\/div>\n\t\t\t\t<\/div>\n\t\t\t\t\t<\/div>\n\t\t\t\t<\/div>\n\t\t<div class=\"elementor-element elementor-element-f8c6935 e-flex e-con-boxed e-con e-parent\" data-id=\"f8c6935\" data-element_type=\"container\">\n\t\t\t\t\t<div class=\"e-con-inner\">\n\t\t\t\t<div class=\"elementor-element elementor-element-b230ec6 elementor-widget elementor-widget-spacer\" data-id=\"b230ec6\" data-element_type=\"widget\" data-widget_type=\"spacer.default\">\n\t\t\t\t<div class=\"elementor-widget-container\">\n\t\t\t\t\t\t\t<div class=\"elementor-spacer\">\n\t\t\t<div class=\"elementor-spacer-inner\"><\/div>\n\t\t<\/div>\n\t\t\t\t\t\t<\/div>\n\t\t\t\t<\/div>\n\t\t\t\t\t<\/div>\n\t\t\t\t<\/div>\n\t\t\t\t<\/div>\n\t\t","protected":false},"excerpt":{"rendered":"<p>Luchamos por las causas sociales. En Pump Promotions trabajamos con ayuntamientos y entidades p\u00fablicas para ofrecer talleres que fomentan la seguridad, el respeto y la autoestima. Nuestras propuestas est\u00e1n dise\u00f1adas para empoderar a mujeres y proteger a la juventud frente al acoso. Mas informaci\u00f3n Taller Antibullying para J\u00f3venes Objetivo: Prevenir el acoso escolar mediante el [&hellip;]<\/p>\n","protected":false},"author":1,"featured_media":0,"parent":0,"menu_order":0,"comment_status":"closed","ping_status":"closed","template":"elementor_header_footer","meta":{"_gspb_post_css":"","footnotes":""},"class_list":["post-1889","page","type-page","status-publish","hentry"],"blocksy_meta":[],"_links":{"self":[{"href":"https:\/\/pumppromotion.es\/index.php\/wp-json\/wp\/v2\/pages\/1889","targetHints":{"allow":["GET"]}}],"collection":[{"href":"https:\/\/pumppromotion.es\/index.php\/wp-json\/wp\/v2\/pages"}],"about":[{"href":"https:\/\/pumppromotion.es\/index.php\/wp-json\/wp\/v2\/types\/page"}],"author":[{"embeddable":true,"href":"https:\/\/pumppromotion.es\/index.php\/wp-json\/wp\/v2\/users\/1"}],"replies":[{"embeddable":true,"href":"https:\/\/pumppromotion.es\/index.php\/wp-json\/wp\/v2\/comments?post=1889"}],"version-history":[{"count":35,"href":"https:\/\/pumppromotion.es\/index.php\/wp-json\/wp\/v2\/pages\/1889\/revisions"}],"predecessor-version":[{"id":2149,"href":"https:\/\/pumppromotion.es\/index.php\/wp-json\/wp\/v2\/pages\/1889\/revisions\/2149"}],"wp:attachment":[{"href":"https:\/\/pumppromotion.es\/index.php\/wp-json\/wp\/v2\/media?parent=1889"}],"curies":[{"name":"wp","href":"https:\/\/api.w.org\/{rel}","templated":true}]}}